{"id":17,"date":"2020-12-28T20:40:23","date_gmt":"2020-12-28T19:40:23","guid":{"rendered":"http:\/\/www.potepla.dk\/?page_id=17"},"modified":"2020-12-28T20:40:23","modified_gmt":"2020-12-28T19:40:23","slug":"om","status":"publish","type":"page","link":"https:\/\/www.potepla.dk\/index.php\/om\/","title":{"rendered":"Om"},"content":{"rendered":"\n<p>Du er m\u00e5ske en kunstner, der gerne vil introducere dig selv og dine v\u00e6rker her &#8211; eller m\u00e5ske har du en virksomhed med en mission, der skal beskrives.<\/p>\n","protected":false},"excerpt":{"rendered":"<p>Du er m\u00e5ske en kunstner, der gerne vil introducere dig selv og dine v\u00e6rker her &#8211; eller m\u00e5ske har du en virksomhed med en mission, der skal beskrives.<\/p>\n","protected":false},"author":2,"featured_media":0,"parent":0,"menu_order":0,"comment_status":"closed","ping_status":"closed","template":"","meta":{"footnotes":""},"class_list":["post-17","page","type-page","status-publish","hentry","entry"],"_links":{"self":[{"href":"https:\/\/www.potepla.dk\/index.php\/wp-json\/wp\/v2\/pages\/17","targetHints":{"allow":["GET"]}}],"collection":[{"href":"https:\/\/www.potepla.dk\/index.php\/wp-json\/wp\/v2\/pages"}],"about":[{"href":"https:\/\/www.potepla.dk\/index.php\/wp-json\/wp\/v2\/types\/page"}],"author":[{"embeddable":true,"href":"https:\/\/www.potepla.dk\/index.php\/wp-json\/wp\/v2\/users\/2"}],"replies":[{"embeddable":true,"href":"https:\/\/www.potepla.dk\/index.php\/wp-json\/wp\/v2\/comments?post=17"}],"version-history":[{"count":1,"href":"https:\/\/www.potepla.dk\/index.php\/wp-json\/wp\/v2\/pages\/17\/revisions"}],"predecessor-version":[{"id":22,"href":"https:\/\/www.potepla.dk\/index.php\/wp-json\/wp\/v2\/pages\/17\/revisions\/22"}],"wp:attachment":[{"href":"https:\/\/www.potepla.dk\/index.php\/wp-json\/wp\/v2\/media?parent=17"}],"curies":[{"name":"wp","href":"https:\/\/api.w.org\/{rel}","templated":true}]}}